{"id":492,"date":"2018-02-09T16:28:17","date_gmt":"2018-02-09T16:28:17","guid":{"rendered":"https:\/\/www.tanerametals.com\/home\/"},"modified":"2024-01-22T17:39:03","modified_gmt":"2024-01-22T17:39:03","slug":"home","status":"publish","type":"page","link":"https:\/\/www.tanerametals.com\/fr\/","title":{"rendered":"Home"},"content":{"rendered":"<p>[vc_row section_full_height=\u00a0\u00bbfullheight\u00a0\u00bb padding_top_multiplier=\u00a0\u00bbcustom\u00a0\u00bb padding_bottom_multiplier=\u00a0\u00bbcustom\u00a0\u00bb padding_top=\u00a0\u00bb12%\u00a0\u00bb padding_bottom=\u00a0\u00bb12%\u00a0\u00bb][vc_column width=\u00a0\u00bb5\/12&Prime; tablet_sm_width=\u00a0\u00bb1-2&Prime; heading_color=\u00a0\u00bbprimary-1&Prime; z_index=\u00a0\u00bb3&Prime;]<div class=\"grve-empty-space grve-height-2x\" style=\"\"><\/div><h1 class=\"grve-element grve-title grve-align-left grve-colored-clipping-left grve-colored-clipping grve-clipping-animation grve-h1 grve-increase-heading grve-heading-160\" style=\"margin-bottom: 0px;\" data-clipping-color=\"dark\" data-delay=\"600\"><span>R\u00e9approvisionnement<\/span><\/h1><h1 class=\"grve-element grve-title grve-align-left grve-colored-clipping-left grve-colored-clipping grve-clipping-animation grve-h1 grve-increase-heading grve-heading-160\" style=\"margin-bottom: 0px;\" data-clipping-color=\"dark\" data-delay=\"800\"><span>des m\u00e9taux non ferreux<\/span><\/h1>[vc_column_text animation=\u00a0\u00bbgrve-fade-in-up\u00a0\u00bb animation_delay=\u00a0\u00bb2000&Prime; animation_duration=\u00a0\u00bbvery-slow\u00a0\u00bb]Tanera Metals est sp\u00e9cialis\u00e9e dans le n\u00e9goce, la transformation et la commercialisation de m\u00e9taux non-ferreux. Nous achetons une large gamme de produits, \u00e0 des prix comp\u00e9titifs. Vous pouvez compter sur notre professionnalisme et notre r\u00e9activit\u00e9.<\/p>\n<p>Notre objectif est de donner la plus grande valeur ajout\u00e9e possible \u00e0 vos m\u00e9taux, tout en participant \u00e0 travers le recyclage \u00e0 la protection de notre plan\u00e8te.[\/vc_column_text]<div class=\"grve-empty-space grve-height-1x\" style=\"\"><\/div><div class=\"grve-element grve-align-left grve-animated-item grve-fade-in-up grve-duration-very-slow\" data-delay=\"2200\"><a href=\"https:\/\/www.tanerametals.com\/fr\/contact\/\" title=\"Contact\" class=\"grve-btn grve-btn-medium grve-round grve-bg-black grve-bg-hover-primary-1\"><span>Contactez-nous<\/span><\/a><\/div>[\/vc_column][vc_column width=\u00a0\u00bb7\/12&Prime; tablet_sm_width=\u00a0\u00bb1-2&Prime;]<div class=\"grve-element grve-image grve-clipping-right grve-clipping-animation grve-align-right grve-full-image grve-image-space-125\" style=\"\" data-delay=\"200\">  <div class=\"grve-image-wrapper\"><img loading=\"lazy\" decoding=\"async\" width=\"768\" height=\"512\" src=\"https:\/\/www.tanerametals.com\/wp-content\/uploads\/2020\/08\/foto-alu-gradient-768x512.jpg\" class=\"attachment-medium_large size-medium_large\" alt=\"\" srcset=\"https:\/\/www.tanerametals.com\/wp-content\/uploads\/2020\/08\/foto-alu-gradient-768x512.jpg 768w, https:\/\/www.tanerametals.com\/wp-content\/uploads\/2020\/08\/foto-alu-gradient-300x200.jpg 300w, https:\/\/www.tanerametals.com\/wp-content\/uploads\/2020\/08\/foto-alu-gradient-600x400.jpg 600w, https:\/\/www.tanerametals.com\/wp-content\/uploads\/2020\/08\/foto-alu-gradient.jpg 876w\" sizes=\"auto, (max-width: 768px) 100vw, 768px\" \/>   <\/div><\/div>[\/vc_column][\/vc_row][vc_row section_type=\u00a0\u00bbfullwidth\u00a0\u00bb bg_type=\u00a0\u00bbcolor\u00a0\u00bb padding_top_multiplier=\u00a0\u00bb\u00a0\u00bb padding_bottom_multiplier=\u00a0\u00bb\u00a0\u00bb columns_gap=\u00a0\u00bbnone\u00a0\u00bb bg_color=\u00a0\u00bb#e6ecf1&Prime;][vc_column width=\u00a0\u00bb2\/3&Prime; tablet_sm_width=\u00a0\u00bb1&Prime; heading_color=\u00a0\u00bblight\u00a0\u00bb clipping_animation=\u00a0\u00bbcolored-clipping-left\u00a0\u00bb animation_delay=\u00a0\u00bb600&Prime; css=\u00a0\u00bb.vc_custom_1590586836717{padding-top: 12% !important;padding-right: 17% !important;padding-bottom: 12% !important;padding-left: 17% !important;background-color: #5a8bc1 !important;}\u00a0\u00bb font_color=\u00a0\u00bb#ffffff\u00a0\u00bb]<h2 class=\"grve-element grve-title grve-align-left grve-h1 grve-increase-heading grve-heading-180\" style=\"margin-bottom: 0px;\"><span>De la valeur<\/span><\/h2><h2 class=\"grve-element grve-title grve-align-left grve-h1 grve-increase-heading grve-heading-180\" style=\"margin-bottom: 0px;\"><span>ajout\u00e9e pour vos m\u00e9taux.<\/span><\/h2>[\/vc_column][vc_column column_effect=\u00a0\u00bbmouse-move-x-y\u00a0\u00bb column_effect_limit=\u00a0\u00bb3x\u00a0\u00bb column_effect_invert=\u00a0\u00bbtrue\u00a0\u00bb column_custom_position=\u00a0\u00bbyes\u00a0\u00bb position_top=\u00a0\u00bbminus-3x\u00a0\u00bb position_left=\u00a0\u00bbminus-3x\u00a0\u00bb width=\u00a0\u00bb1\/3&Prime; tablet_sm_width=\u00a0\u00bb1&Prime; tablet_portrait_column_positions=\u00a0\u00bbnone\u00a0\u00bb mobile_column_positions=\u00a0\u00bbnone\u00a0\u00bb shadow=\u00a0\u00bblarge\u00a0\u00bb clipping_animation=\u00a0\u00bbcolored-clipping-left\u00a0\u00bb clipping_animation_colors=\u00a0\u00bbprimary-1&Prime; animation_delay=\u00a0\u00bb800&Prime; css=\u00a0\u00bb.vc_custom_1518337326879{padding-top: 17% !important;padding-right: 17% !important;padding-bottom: 17% !important;padding-left: 17% !important;background-color: #ffffff !important;border-radius: 10px !important;}\u00a0\u00bb]<h3 class=\"grve-element grve-title grve-align-left grve-h3\" style=\"\"><span>Travaillons ensemble<\/span><\/h3>[vc_column_text]Vous cherchez un partenaire de confiance et r\u00e9actif sur le march\u00e9 des non-ferreux pour la vente de vos m\u00e9taux?<\/p>\n<p>Nous sommes votre partenaire![\/vc_column_text]<div class=\"grve-empty-space grve-height-1x\" style=\"\"><\/div><div class=\"grve-element grve-align-left\"><a href=\"https:\/\/www.tanerametals.com\/fr\/contact\/\" title=\"Contact\" class=\"grve-btn grve-btn-medium grve-shadow-medium grve-round grve-bg-primary-1 grve-bg-hover-black\"><span>Restez connect\u00e9<\/span><\/a><\/div>[\/vc_column][\/vc_row][vc_row padding_top_multiplier=\u00a0\u00bb6x\u00a0\u00bb][vc_column]<div class=\"grve-element grve-image grve-colored-clipping-left grve-colored-clipping grve-clipping-animation grve-align-center grve-full-image grve-image-space-100\" style=\"\" data-clipping-color=\"dark\" data-delay=\"600\">  <div class=\"grve-image-wrapper\"><img loading=\"lazy\" decoding=\"async\" width=\"1024\" height=\"490\" src=\"https:\/\/www.tanerametals.com\/wp-content\/uploads\/2020\/05\/nieulandt-1024x490.jpg\" class=\"attachment-large size-large\" alt=\"\" srcset=\"https:\/\/www.tanerametals.com\/wp-content\/uploads\/2020\/05\/nieulandt.jpg 1024w, https:\/\/www.tanerametals.com\/wp-content\/uploads\/2020\/05\/nieulandt-300x144.jpg 300w, https:\/\/www.tanerametals.com\/wp-content\/uploads\/2020\/05\/nieulandt-768x368.jpg 768w, https:\/\/www.tanerametals.com\/wp-content\/uploads\/2020\/05\/nieulandt-600x287.jpg 600w\" sizes=\"auto, (max-width: 1024px) 100vw, 1024px\" \/>   <\/div><\/div>[\/vc_column][vc_column mobile_width=\u00a0\u00bbhide\u00a0\u00bb]<div class=\"grve-empty-space grve-height-2x\" style=\"\"><\/div>[\/vc_column][vc_column width=\u00a0\u00bb7\/12&Prime; tablet_sm_width=\u00a0\u00bb1-2&Prime;]<h3 class=\"grve-element grve-title grve-align-left grve-animated-item grve-duration-normal grve-fade-in grve-leader-text grve-increase-heading grve-heading-200\" style=\"\" data-delay=\"1000\"><span><span style=\"color: #5a8bc1;\">Pourquoi nous? Pourquoi maintenant?<\/span><\/span><\/h3><div class=\"grve-empty-space grve-height-1x\" style=\"\"><\/div><h3 class=\"grve-element grve-title grve-align-left grve-animated-item grve-duration-normal grve-fade-in grve-h6\" style=\"\" data-delay=\"1200\"><span><span style=\"color: #5a8bc1;\">01.<\/span> Notre ind\u00e9pendance fait de nous un partenaire r\u00e9actif<\/span><\/h3><h3 class=\"grve-element grve-title grve-align-left grve-animated-item grve-duration-normal grve-fade-in grve-h6\" style=\"\" data-delay=\"1400\"><span><span style=\"color: #5a8bc1;\">02. <\/span>Nos valeurs familiales font de nous un partenaire fiable<\/span><\/h3><h3 class=\"grve-element grve-title grve-align-left grve-animated-item grve-duration-normal grve-fade-in grve-h6\" style=\"\" data-delay=\"1400\"><span><span style=\"color: #5a8bc1;\">03. <\/span>Nos contacts internationaux font de nous votre partenaire commercial id\u00e9al<\/span><\/h3>[\/vc_column][vc_column width=\u00a0\u00bb1\/12&Prime; tablet_sm_width=\u00a0\u00bbhide\u00a0\u00bb mobile_width=\u00a0\u00bbhide\u00a0\u00bb][\/vc_column][vc_column column_custom_position=\u00a0\u00bbyes\u00a0\u00bb position_top=\u00a0\u00bbminus-6x\u00a0\u00bb position_left=\u00a0\u00bb3x\u00a0\u00bb width=\u00a0\u00bb1\/3&Prime; tablet_sm_width=\u00a0\u00bb1-2&Prime; tablet_landscape_column_positions=\u00a0\u00bbnone\u00a0\u00bb tablet_portrait_column_positions=\u00a0\u00bbnone\u00a0\u00bb mobile_column_positions=\u00a0\u00bbnone\u00a0\u00bb heading_color=\u00a0\u00bblight\u00a0\u00bb clipping_animation=\u00a0\u00bbcolored-clipping-up\u00a0\u00bb clipping_animation_colors=\u00a0\u00bbprimary-1&Prime; animation_delay=\u00a0\u00bb800&Prime; css=\u00a0\u00bb.vc_custom_1518337341729{padding-top: 17% !important;padding-right: 17% !important;padding-bottom: 17% !important;padding-left: 17% !important;background-color: #000000 !important;border-radius: 10px !important;}\u00a0\u00bb font_color=\u00a0\u00bb#ffffff\u00a0\u00bb]<div class=\"grve-element grve-image grve-align-center\" style=\"\">  <div class=\"grve-image-wrapper\"><img loading=\"lazy\" decoding=\"async\" width=\"240\" height=\"240\" src=\"https:\/\/www.tanerametals.com\/wp-content\/uploads\/2020\/11\/vincentgkopie.png\" class=\"attachment-full size-full\" alt=\"\" srcset=\"https:\/\/www.tanerametals.com\/wp-content\/uploads\/2020\/11\/vincentgkopie.png 1x,https:\/\/www.tanerametals.com\/wp-content\/uploads\/2020\/11\/vincentgkopie.png 2x\" \/>   <\/div><\/div><div class=\"grve-empty-space grve-height-1x\" style=\"\"><\/div><h3 class=\"grve-element grve-title grve-align-center grve-h5\" style=\"\"><span>Notre vaste r\u00e9seau international vous garantit les meilleurs prix pour vos m\u00e9taux non-ferreux.<\/span><\/h3><div class=\"grve-empty-space grve-height-1x\" style=\"\"><\/div><h3 class=\"grve-element grve-title grve-align-center grve-link-text\" style=\"\"><span>Vincent Gobert<\/span><\/h3>[\/vc_column][\/vc_row][vc_row section_type=\u00a0\u00bbfullwidth\u00a0\u00bb padding_top_multiplier=\u00a0\u00bb\u00a0\u00bb padding_bottom_multiplier=\u00a0\u00bb3x\u00a0\u00bb columns_gap=\u00a0\u00bbnone\u00a0\u00bb equal_column_height=\u00a0\u00bbequal-column\u00a0\u00bb el_class=\u00a0\u00bbhomebottom_imgcol\u00a0\u00bb][vc_column width=\u00a0\u00bb1\/4&Prime; tablet_width=\u00a0\u00bb1-2&Prime; tablet_sm_width=\u00a0\u00bb1-2&Prime; mobile_width=\u00a0\u00bb1-2&Prime; css=\u00a0\u00bb.vc_custom_1598465907622{background-color: #161616 !important;}\u00a0\u00bb]<div class=\"grve-element grve-image grve-clipping-up grve-clipping-animation grve-align-center grve-full-image grve-image-space-100\" style=\"\" data-delay=\"800\">  <div class=\"grve-image-wrapper\"><img loading=\"lazy\" decoding=\"async\" width=\"300\" height=\"200\" src=\"https:\/\/www.tanerametals.com\/wp-content\/uploads\/2020\/08\/foto-coax-300x200.jpg\" class=\"attachment-medium size-medium\" alt=\"\" srcset=\"https:\/\/www.tanerametals.com\/wp-content\/uploads\/2020\/08\/foto-coax-300x200.jpg 300w, https:\/\/www.tanerametals.com\/wp-content\/uploads\/2020\/08\/foto-coax-768x512.jpg 768w, https:\/\/www.tanerametals.com\/wp-content\/uploads\/2020\/08\/foto-coax-600x400.jpg 600w, https:\/\/www.tanerametals.com\/wp-content\/uploads\/2020\/08\/foto-coax.jpg 876w\" sizes=\"auto, (max-width: 300px) 100vw, 300px\" \/>   <\/div><\/div>[\/vc_column][vc_column width=\u00a0\u00bb1\/4&Prime; tablet_width=\u00a0\u00bb1-2&Prime; tablet_sm_width=\u00a0\u00bb1-2&Prime; mobile_width=\u00a0\u00bb1-2&Prime; css=\u00a0\u00bb.vc_custom_1518337425544{background-color: #161616 !important;}\u00a0\u00bb]<div class=\"grve-element grve-image grve-clipping-up grve-clipping-animation grve-align-center grve-full-image grve-image-space-100\" style=\"\" data-delay=\"800\">  <div class=\"grve-image-wrapper\"><img loading=\"lazy\" decoding=\"async\" width=\"300\" height=\"200\" src=\"https:\/\/www.tanerametals.com\/wp-content\/uploads\/2020\/08\/foto-alukabel2-300x200.jpg\" class=\"attachment-medium size-medium\" alt=\"\" srcset=\"https:\/\/www.tanerametals.com\/wp-content\/uploads\/2020\/08\/foto-alukabel2-300x200.jpg 300w, https:\/\/www.tanerametals.com\/wp-content\/uploads\/2020\/08\/foto-alukabel2-768x512.jpg 768w, https:\/\/www.tanerametals.com\/wp-content\/uploads\/2020\/08\/foto-alukabel2-600x400.jpg 600w, https:\/\/www.tanerametals.com\/wp-content\/uploads\/2020\/08\/foto-alukabel2.jpg 876w\" sizes=\"auto, (max-width: 300px) 100vw, 300px\" \/>   <\/div><\/div>[\/vc_column][vc_column width=\u00a0\u00bb1\/4&Prime; tablet_width=\u00a0\u00bb1-2&Prime; tablet_sm_width=\u00a0\u00bb1-2&Prime; mobile_width=\u00a0\u00bb1-2&Prime; css=\u00a0\u00bb.vc_custom_1518337430089{background-color: #000000 !important;}\u00a0\u00bb]<div class=\"grve-element grve-image grve-clipping-up grve-clipping-animation grve-align-center grve-full-image grve-image-space-100\" style=\"\" data-delay=\"800\">  <div class=\"grve-image-wrapper\"><img loading=\"lazy\" decoding=\"async\" width=\"300\" height=\"200\" src=\"https:\/\/www.tanerametals.com\/wp-content\/uploads\/2020\/08\/foto-bulex-300x200.jpg\" class=\"attachment-medium size-medium\" alt=\"\" srcset=\"https:\/\/www.tanerametals.com\/wp-content\/uploads\/2020\/08\/foto-bulex-300x200.jpg 300w, https:\/\/www.tanerametals.com\/wp-content\/uploads\/2020\/08\/foto-bulex-768x512.jpg 768w, https:\/\/www.tanerametals.com\/wp-content\/uploads\/2020\/08\/foto-bulex-600x400.jpg 600w, https:\/\/www.tanerametals.com\/wp-content\/uploads\/2020\/08\/foto-bulex.jpg 876w\" sizes=\"auto, (max-width: 300px) 100vw, 300px\" \/>   <\/div><\/div>[\/vc_column][vc_column width=\u00a0\u00bb1\/4&Prime;]<div class=\"grve-element grve-image grve-clipping-down grve-clipping-animation grve-align-center grve-full-image grve-image-space-100\" style=\"\" data-delay=\"800\">  <div class=\"grve-image-wrapper\"><img loading=\"lazy\" decoding=\"async\" width=\"300\" height=\"200\" src=\"https:\/\/www.tanerametals.com\/wp-content\/uploads\/2020\/08\/foto-alu-koeler-300x200.jpg\" class=\"attachment-medium size-medium\" alt=\"\" srcset=\"https:\/\/www.tanerametals.com\/wp-content\/uploads\/2020\/08\/foto-alu-koeler-300x200.jpg 300w, https:\/\/www.tanerametals.com\/wp-content\/uploads\/2020\/08\/foto-alu-koeler-768x512.jpg 768w, https:\/\/www.tanerametals.com\/wp-content\/uploads\/2020\/08\/foto-alu-koeler-600x400.jpg 600w, https:\/\/www.tanerametals.com\/wp-content\/uploads\/2020\/08\/foto-alu-koeler.jpg 876w\" sizes=\"auto, (max-width: 300px) 100vw, 300px\" \/>   <\/div><\/div>[\/vc_column][\/vc_row]<\/p>\n","protected":false},"excerpt":{"rendered":"<p>[vc_row section_full_height=\u00a0\u00bbfullheight\u00a0\u00bb padding_top_multiplier=\u00a0\u00bbcustom\u00a0\u00bb padding_bottom_multiplier=\u00a0\u00bbcustom\u00a0\u00bb padding_top=\u00a0\u00bb12%\u00a0\u00bb padding_bottom=\u00a0\u00bb12%\u00a0\u00bb][vc_column width=\u00a0\u00bb5\/12&Prime; tablet_sm_width=\u00a0\u00bb1-2&Prime; heading_color=\u00a0\u00bbprimary-1&Prime; z_index=\u00a0\u00bb3&Prime;][vc_column_text animation=\u00a0\u00bbgrve-fade-in-up\u00a0\u00bb animation_delay=\u00a0\u00bb2000&Prime; animation_duration=\u00a0\u00bbvery-slow\u00a0\u00bb]Tanera Metals est sp\u00e9cialis\u00e9e dans le n\u00e9goce, la transformation et la commercialisation de m\u00e9taux non-ferreux. Nous achetons une large gamme de produits, \u00e0 des prix comp\u00e9titifs. Vous pouvez compter sur notre professionnalisme et notre r\u00e9activit\u00e9. Notre objectif est de donner la plus grande [&hellip;]<\/p>\n","protected":false},"author":1,"featured_media":0,"parent":0,"menu_order":0,"comment_status":"closed","ping_status":"closed","template":"","meta":{"_acf_changed":false,"footnotes":""},"class_list":["post-492","page","type-page","status-publish","hentry"],"acf":[],"_links":{"self":[{"href":"https:\/\/www.tanerametals.com\/fr\/wp-json\/wp\/v2\/pages\/492","targetHints":{"allow":["GET"]}}],"collection":[{"href":"https:\/\/www.tanerametals.com\/fr\/wp-json\/wp\/v2\/pages"}],"about":[{"href":"https:\/\/www.tanerametals.com\/fr\/wp-json\/wp\/v2\/types\/page"}],"author":[{"embeddable":true,"href":"https:\/\/www.tanerametals.com\/fr\/wp-json\/wp\/v2\/users\/1"}],"replies":[{"embeddable":true,"href":"https:\/\/www.tanerametals.com\/fr\/wp-json\/wp\/v2\/comments?post=492"}],"version-history":[{"count":3,"href":"https:\/\/www.tanerametals.com\/fr\/wp-json\/wp\/v2\/pages\/492\/revisions"}],"predecessor-version":[{"id":512,"href":"https:\/\/www.tanerametals.com\/fr\/wp-json\/wp\/v2\/pages\/492\/revisions\/512"}],"wp:attachment":[{"href":"https:\/\/www.tanerametals.com\/fr\/wp-json\/wp\/v2\/media?parent=492"}],"curies":[{"name":"wp","href":"https:\/\/api.w.org\/{rel}","templated":true}]}}