{"id":496,"date":"2018-02-09T16:28:40","date_gmt":"2018-02-09T16:28:40","guid":{"rendered":"https:\/\/www.tanerametals.com\/our-services\/"},"modified":"2024-01-22T17:40:25","modified_gmt":"2024-01-22T17:40:25","slug":"nos-services","status":"publish","type":"page","link":"https:\/\/www.tanerametals.com\/fr\/nos-services\/","title":{"rendered":"Nos services"},"content":{"rendered":"<p>[vc_row padding_top_multiplier=\u00a0\u00bb6x\u00a0\u00bb padding_bottom_multiplier=\u00a0\u00bb6x\u00a0\u00bb][vc_column width=\u00a0\u00bb1\/3&Prime; tablet_sm_width=\u00a0\u00bb1&Prime; heading_color=\u00a0\u00bbprimary-1&Prime;]<h3 class=\"grve-element grve-title grve-align-left grve-h3\" style=\"\"><span>Ventes et Traitement<\/span><\/h3><div class=\"grve-empty-space grve-height-2x\" style=\"\"><\/div>[\/vc_column][vc_column width=\u00a0\u00bb2\/3&Prime; tablet_sm_width=\u00a0\u00bb1&Prime;]<div class=\"grve-empty-space grve-height-1x\" style=\"\"><\/div>[vc_column_text]<strong>Nos nombreuses ann\u00e9es d\u2019exp\u00e9rience dans le secteur de la r\u00e9cup\u00e9ration se traduisent par un vaste r\u00e9seau \u00e9tendu et une connaissance approfondie du march\u00e9. C\u2019est pourquoi nous travaillons toujours avec les meilleurs partenaires afin de recycler dans des conditions optimales vos m\u00e9taux non-ferreux.<\/strong><\/p>\n<p><strong>Un grand groupe multinational avec des installations de transformation impressionnantes? Une fonderie am\u00e8ne de redonner une vie \u00e0 une qualit\u00e9 bien sp\u00e9cifique? Tanera Metals permet d\u2019y arriver.<\/strong>[\/vc_column_text]<div class=\"grve-empty-space grve-height-1x\" style=\"\"><\/div>[vc_column_text]Le commerce des m\u00e9taux non-ferreux couvre de nombreux aspects. Tanera Metals est votre guide pour aller au plus loin du recyclage de vos mat\u00e9riaux. Des m\u00e9taux ordinaires comme le vieux plomb ou le vieux zinc aux alliages tr\u00e8s sp\u00e9cifiques ou au diff\u00e9rentes qualit\u00e9s de c\u00e2bles cuivre\u2026.votre qualit\u00e9 d\u00e9termine le prix.[\/vc_column_text][\/vc_column][\/vc_row][vc_row heading_color=\u00a0\u00bblight\u00a0\u00bb padding_top_multiplier=\u00a0\u00bb\u00a0\u00bb padding_bottom_multiplier=\u00a0\u00bb\u00a0\u00bb columns_gap=\u00a0\u00bbnone\u00a0\u00bb font_color=\u00a0\u00bb#ffffff\u00a0\u00bb][vc_column column_custom_position=\u00a0\u00bbyes\u00a0\u00bb position_top=\u00a0\u00bbminus-3x\u00a0\u00bb width=\u00a0\u00bb1\/2&Prime; tablet_sm_width=\u00a0\u00bb1&Prime; tablet_portrait_column_positions=\u00a0\u00bbnone\u00a0\u00bb mobile_column_positions=\u00a0\u00bbnone\u00a0\u00bb clipping_animation=\u00a0\u00bbcolored-clipping-right\u00a0\u00bb clipping_animation_colors=\u00a0\u00bbprimary-1&Prime; animation_delay=\u00a0\u00bb600&Prime; css=\u00a0\u00bb.vc_custom_1590603925027{padding-top: 17% !important;padding-right: 17% !important;padding-bottom: 17% !important;padding-left: 17% !important;background-color: #000000 !important;background-position: center !important;background-repeat: no-repeat !important;background-size: cover !important;}\u00a0\u00bb]<h3 class=\"grve-element grve-title grve-align-left grve-h2\" style=\"\"><span>Que pouvons-nous faire pour vous?<\/span><\/h3>[vc_column_text]Vous avez des m\u00e9taux non-ferreux issue d\u2019une production industrielle? Ou vous \u00eates un r\u00e9cup\u00e9rateur \u00e0 la recherche des meilleures opportunit\u00e9s \u00e0 saisir sur le march\u00e9 international?[\/vc_column_text]<div class=\"grve-empty-space grve-height-1x\" style=\"\"><\/div><div class=\"grve-element grve-align-left\"><a href=\"https:\/\/www.tanerametals.com\/fr\/contact\/\" title=\"Contact\" class=\"grve-btn grve-btn-medium grve-round grve-bg-white grve-bg-hover-black\"><span>Rester connect\u00e9<\/span><\/a><\/div>[\/vc_column][vc_column column_custom_position=\u00a0\u00bbyes\u00a0\u00bb position_top=\u00a0\u00bb2x\u00a0\u00bb width=\u00a0\u00bb1\/2&Prime; tablet_sm_width=\u00a0\u00bb1&Prime; tablet_portrait_column_positions=\u00a0\u00bbnone\u00a0\u00bb mobile_column_positions=\u00a0\u00bbnone\u00a0\u00bb clipping_animation=\u00a0\u00bbcolored-clipping-left\u00a0\u00bb animation_delay=\u00a0\u00bb600&Prime; css=\u00a0\u00bb.vc_custom_1590603897987{padding-top: 17% !important;padding-right: 17% !important;padding-bottom: 17% !important;padding-left: 17% !important;background-color: #5a8bc1 !important;}\u00a0\u00bb]<h3 class=\"grve-element grve-title grve-align-left grve-h2\" style=\"\"><span>Nos atouts<\/span><\/h3>[vc_column_text]Nous sommes en recherche perp\u00e9tuel afin de vous offrir les meilleures solutions pour vos m\u00e9taux non-ferreux.[\/vc_column_text]<div class=\"grve-empty-space grve-height-1x\" style=\"\"><\/div>[\/vc_column][\/vc_row]<\/p>\n","protected":false},"excerpt":{"rendered":"<p>[vc_row padding_top_multiplier=\u00a0\u00bb6x\u00a0\u00bb padding_bottom_multiplier=\u00a0\u00bb6x\u00a0\u00bb][vc_column width=\u00a0\u00bb1\/3&Prime; tablet_sm_width=\u00a0\u00bb1&Prime; heading_color=\u00a0\u00bbprimary-1&Prime;][\/vc_column][vc_column width=\u00a0\u00bb2\/3&Prime; tablet_sm_width=\u00a0\u00bb1&Prime;][vc_column_text]Nos nombreuses ann\u00e9es d\u2019exp\u00e9rience dans le secteur de la r\u00e9cup\u00e9ration se traduisent par un vaste r\u00e9seau \u00e9tendu et une connaissance approfondie du march\u00e9. C\u2019est pourquoi nous travaillons toujours avec les meilleurs partenaires afin de recycler dans des conditions optimales vos m\u00e9taux non-ferreux. Un grand groupe multinational avec des [&hellip;]<\/p>\n","protected":false},"author":1,"featured_media":0,"parent":0,"menu_order":0,"comment_status":"closed","ping_status":"closed","template":"","meta":{"_acf_changed":false,"footnotes":""},"class_list":["post-496","page","type-page","status-publish","hentry"],"acf":[],"_links":{"self":[{"href":"https:\/\/www.tanerametals.com\/fr\/wp-json\/wp\/v2\/pages\/496","targetHints":{"allow":["GET"]}}],"collection":[{"href":"https:\/\/www.tanerametals.com\/fr\/wp-json\/wp\/v2\/pages"}],"about":[{"href":"https:\/\/www.tanerametals.com\/fr\/wp-json\/wp\/v2\/types\/page"}],"author":[{"embeddable":true,"href":"https:\/\/www.tanerametals.com\/fr\/wp-json\/wp\/v2\/users\/1"}],"replies":[{"embeddable":true,"href":"https:\/\/www.tanerametals.com\/fr\/wp-json\/wp\/v2\/comments?post=496"}],"version-history":[{"count":4,"href":"https:\/\/www.tanerametals.com\/fr\/wp-json\/wp\/v2\/pages\/496\/revisions"}],"predecessor-version":[{"id":514,"href":"https:\/\/www.tanerametals.com\/fr\/wp-json\/wp\/v2\/pages\/496\/revisions\/514"}],"wp:attachment":[{"href":"https:\/\/www.tanerametals.com\/fr\/wp-json\/wp\/v2\/media?parent=496"}],"curies":[{"name":"wp","href":"https:\/\/api.w.org\/{rel}","templated":true}]}}