{"id":501,"date":"2018-02-09T16:28:29","date_gmt":"2018-02-09T16:28:29","guid":{"rendered":"https:\/\/www.tanerametals.com\/about-us\/"},"modified":"2024-01-22T17:39:50","modified_gmt":"2024-01-22T17:39:50","slug":"a-propos-de-nous","status":"publish","type":"page","link":"https:\/\/www.tanerametals.com\/fr\/a-propos-de-nous\/","title":{"rendered":"\u00c0 propos de nous"},"content":{"rendered":"<p>[vc_row padding_top_multiplier=\u00a0\u00bbcustom\u00a0\u00bb padding_bottom_multiplier=\u00a0\u00bb\u00a0\u00bb padding_top=\u00a0\u00bb12%\u00a0\u00bb][vc_column]<div class=\"grve-element grve-image grve-clipping-down grve-clipping-animation grve-align-center grve-full-image grve-image-space-100\" style=\"\" data-delay=\"600\">  <div class=\"grve-image-wrapper\"><img loading=\"lazy\" decoding=\"async\" width=\"1024\" height=\"490\" src=\"https:\/\/www.tanerametals.com\/wp-content\/uploads\/2020\/05\/nieulandt-1024x490.jpg\" class=\"attachment-large size-large\" alt=\"\" srcset=\"https:\/\/www.tanerametals.com\/wp-content\/uploads\/2020\/05\/nieulandt.jpg 1024w, https:\/\/www.tanerametals.com\/wp-content\/uploads\/2020\/05\/nieulandt-300x144.jpg 300w, https:\/\/www.tanerametals.com\/wp-content\/uploads\/2020\/05\/nieulandt-768x368.jpg 768w, https:\/\/www.tanerametals.com\/wp-content\/uploads\/2020\/05\/nieulandt-600x287.jpg 600w\" sizes=\"auto, (max-width: 1024px) 100vw, 1024px\" \/>   <\/div><\/div>[\/vc_column][vc_column column_custom_position=\u00a0\u00bbyes\u00a0\u00bb position_top=\u00a0\u00bbminus-3x\u00a0\u00bb position_left=\u00a0\u00bbminus-3x\u00a0\u00bb width=\u00a0\u00bb1\/3&Prime; tablet_width=\u00a0\u00bb1-2&Prime; tablet_sm_width=\u00a0\u00bb1-2&Prime; tablet_landscape_column_positions=\u00a0\u00bbnone\u00a0\u00bb tablet_portrait_column_positions=\u00a0\u00bbnone\u00a0\u00bb mobile_column_positions=\u00a0\u00bbnone\u00a0\u00bb heading_color=\u00a0\u00bblight\u00a0\u00bb clipping_animation=\u00a0\u00bbcolored-clipping-up\u00a0\u00bb animation_delay=\u00a0\u00bb1000&Prime; css=\u00a0\u00bb.vc_custom_1590602892241{padding-top: 17% !important;padding-right: 17% !important;padding-bottom: 17% !important;padding-left: 17% !important;background-color: #5a8bc1 !important;}\u00a0\u00bb font_color=\u00a0\u00bbrgba(255,255,255,0.91)\u00a0\u00bb]<div class=\"grve-element grve-slogan grve-align-left\" style=\"\"><div class=\"grve-subtitle\">La passion est la cl\u00e9<\/div><h1 class=\"grve-slogan-title grve-align-left grve-h3\"><span>Notre vision<\/span><\/h1>  <p class=\"\">Des prix comp\u00e9titifs, une gestion administrative efficace avec \u00e0 la cl\u00e9 un paiement rapide. Gagner votre confiance est notre travail au quotidien.<\/p><div class=\"grve-btn-wrapper\"><a href=\"https:\/\/www.tanerametals.com\/fr\/contact\/\" title=\"Contact\" class=\"grve-btn grve-btn-medium grve-shadow-medium grve-round grve-bg-white grve-bg-hover-black\"><span>Contactez-nous<\/span><\/a><\/div><\/div>[\/vc_column][vc_column width=\u00a0\u00bb2\/3&Prime; tablet_sm_width=\u00a0\u00bb1-2&Prime;][vc_row_inner][vc_column_inner width=\u00a0\u00bb1\/2&Prime; tablet_sm_width=\u00a0\u00bb1&Prime;]<div class=\"grve-empty-space grve-height-3x\" style=\"\"><\/div><h3 class=\"grve-element grve-title grve-align-left grve-animated-item grve-duration-very-slow grve-fade-in-up grve-h6\" style=\"\" data-delay=\"2000\"><span>TANERA?!<\/span><\/h3>[vc_column_text animation=\u00a0\u00bbgrve-fade-in-up\u00a0\u00bb animation_delay=\u00a0\u00bb2100&Prime; animation_duration=\u00a0\u00bbvery-slow\u00a0\u00bb]Tanera est l\u2019ancien nom Celtique pour d\u00e9signer la \u201cDendre\u201d, cette rivi\u00e8re qui passe devant notre porte. Tout comme l\u2019eau qui voyage, nos m\u00e9taux non-ferreux parcourent le monde. Nous voulons garantir \u00e0 nos partenaires les meilleures conditions tout en <span style=\"font-family: Calibri Light, serif;\">\u0153<\/span>vrant pour un monde plus vert.[\/vc_column_text][\/vc_column_inner][vc_column_inner width=\u00a0\u00bb1\/2&Prime; tablet_sm_width=\u00a0\u00bb1&Prime;]<div class=\"grve-empty-space grve-height-3x\" style=\"\"><\/div><h3 class=\"grve-element grve-title grve-align-left grve-animated-item grve-duration-very-slow grve-fade-in-up grve-h6\" style=\"\" data-delay=\"2200\"><span>Nos valeurs<\/span><\/h3>[vc_column_text animation=\u00a0\u00bbgrve-fade-in-up\u00a0\u00bb animation_delay=\u00a0\u00bb2300&Prime; animation_duration=\u00a0\u00bbvery-slow\u00a0\u00bb]Combinant des valeurs familiales affirm\u00e9es et reconnues, de nombreuses ann\u00e9es d\u2019exp\u00e9rience dans le commerce mondial des m\u00e9taux non-ferreux et un professionnalisme rigoureux, Tanera Metals est votre partenaire id\u00e9al dans le monde du recyclage.[\/vc_column_text][\/vc_column_inner][\/vc_row_inner][\/vc_column][\/vc_row][vc_row padding_top_multiplier=\u00a0\u00bb6x\u00a0\u00bb padding_bottom_multiplier=\u00a0\u00bb6x\u00a0\u00bb equal_column_height=\u00a0\u00bbmiddle-content\u00a0\u00bb tablet_portrait_equal_column_height=\u00a0\u00bbfalse\u00a0\u00bb mobile_equal_column_height=\u00a0\u00bbfalse\u00a0\u00bb][vc_column width=\u00a0\u00bb1\/3&Prime; tablet_sm_width=\u00a0\u00bb1-2&Prime; clipping_animation=\u00a0\u00bbclipping-down\u00a0\u00bb animation_delay=\u00a0\u00bb600&Prime;]<div class=\"grve-element grve-box grve-align-left\" style=\"\"><a href=\"mailto:filip@tanerametals.com\" title=\"Contact\"><div class=\"grve-media-box-icon grve-bg-primary-1\"><i class=\"fas fa-exchange-alt\"><\/i><\/div><figure class=\"grve-image-hover grve-zoom-none\">\t<div class=\"grve-media\">\t\t<div class=\"grve-bg-light grve-hover-overlay grve-opacity-40\"><\/div><img loading=\"lazy\" decoding=\"async\" width=\"740\" height=\"1000\" src=\"https:\/\/www.tanerametals.com\/wp-content\/uploads\/2020\/05\/filip.jpg\" class=\"attachment-full size-full\" alt=\"\" srcset=\"https:\/\/www.tanerametals.com\/wp-content\/uploads\/2020\/05\/filip.jpg 1x,https:\/\/www.tanerametals.com\/wp-content\/uploads\/2020\/05\/filip.jpg 2x\" \/>\t<\/div><\/figure><\/a>  <div class=\"grve-box-content\"><a href=\"mailto:filip@tanerametals.com\" title=\"Contact\"><h3 class=\"grve-box-title grve-h3\">Filip<\/h3>    <\/a>    <p>filip@tanerametals.com<\/p>  <\/div><\/div>[\/vc_column][vc_column width=\u00a0\u00bb1\/3&Prime; tablet_sm_width=\u00a0\u00bb1&Prime; heading_color=\u00a0\u00bblight\u00a0\u00bb clipping_animation=\u00a0\u00bbclipping-down\u00a0\u00bb animation_delay=\u00a0\u00bb1000&Prime; css=\u00a0\u00bb.vc_custom_1518337743151{padding-top: 17% !important;padding-right: 17% !important;padding-bottom: 17% !important;padding-left: 17% !important;background-color: #000000 !important;}\u00a0\u00bb font_color=\u00a0\u00bbrgba(255,255,255,0.91)\u00a0\u00bb]<div class=\"grve-element grve-box grve-align-left\" style=\"\"><a href=\"mailto:vincent@tanerametals.com\" title=\"Contact\"><div class=\"grve-media-box-icon grve-bg-primary-1\"><i class=\"fas fa-handshake\"><\/i><\/div><figure class=\"grve-image-hover grve-zoom-none\">\t<div class=\"grve-media\">\t\t<div class=\"grve-bg-light grve-hover-overlay grve-opacity-40\"><\/div><img loading=\"lazy\" decoding=\"async\" width=\"576\" height=\"529\" src=\"https:\/\/www.tanerametals.com\/wp-content\/uploads\/2020\/11\/vinc.png\" class=\"attachment-full size-full\" alt=\"\" srcset=\"https:\/\/www.tanerametals.com\/wp-content\/uploads\/2020\/11\/vinc.png 1x,https:\/\/www.tanerametals.com\/wp-content\/uploads\/2020\/11\/vinc.png 2x\" \/>\t<\/div><\/figure><\/a>  <div class=\"grve-box-content\"><a href=\"mailto:vincent@tanerametals.com\" title=\"Contact\"><h3 class=\"grve-box-title grve-h3\">Vincent<\/h3>    <\/a>    <p>vincent@tanerametals.com<\/p>  <\/div><\/div>[\/vc_column][vc_column width=\u00a0\u00bb1\/3&Prime; tablet_sm_width=\u00a0\u00bb1-2&Prime; clipping_animation=\u00a0\u00bbclipping-down\u00a0\u00bb animation_delay=\u00a0\u00bb800&Prime;]<div class=\"grve-element grve-box grve-align-left\" style=\"\"><a href=\"mailto:sanne@tanerametals.com\" title=\"Contact\"><div class=\"grve-media-box-icon grve-bg-primary-1\"><i class=\"fas fa-coins\"><\/i><\/div><figure class=\"grve-image-hover grve-zoom-none\">\t<div class=\"grve-media\">\t\t<div class=\"grve-bg-light grve-hover-overlay grve-opacity-40\"><\/div><img loading=\"lazy\" decoding=\"async\" width=\"740\" height=\"1000\" src=\"https:\/\/www.tanerametals.com\/wp-content\/uploads\/2020\/11\/sanne_wide.jpg\" class=\"attachment-full size-full\" alt=\"\" srcset=\"https:\/\/www.tanerametals.com\/wp-content\/uploads\/2020\/11\/sanne_wide.jpg 1x,https:\/\/www.tanerametals.com\/wp-content\/uploads\/2020\/11\/sanne_wide.jpg 2x\" \/>\t<\/div><\/figure><\/a>  <div class=\"grve-box-content\"><a href=\"mailto:sanne@tanerametals.com\" title=\"Contact\"><h3 class=\"grve-box-title grve-h3\">Sanne<\/h3>    <\/a>    <p>sanne@tanerametals.com<\/p>  <\/div><\/div>[\/vc_column][\/vc_row]<\/p>\n","protected":false},"excerpt":{"rendered":"<p>[vc_row padding_top_multiplier=\u00a0\u00bbcustom\u00a0\u00bb padding_bottom_multiplier=\u00a0\u00bb\u00a0\u00bb padding_top=\u00a0\u00bb12%\u00a0\u00bb][vc_column][\/vc_column][vc_column column_custom_position=\u00a0\u00bbyes\u00a0\u00bb position_top=\u00a0\u00bbminus-3x\u00a0\u00bb position_left=\u00a0\u00bbminus-3x\u00a0\u00bb width=\u00a0\u00bb1\/3&Prime; tablet_width=\u00a0\u00bb1-2&Prime; tablet_sm_width=\u00a0\u00bb1-2&Prime; tablet_landscape_column_positions=\u00a0\u00bbnone\u00a0\u00bb tablet_portrait_column_positions=\u00a0\u00bbnone\u00a0\u00bb mobile_column_positions=\u00a0\u00bbnone\u00a0\u00bb heading_color=\u00a0\u00bblight\u00a0\u00bb clipping_animation=\u00a0\u00bbcolored-clipping-up\u00a0\u00bb animation_delay=\u00a0\u00bb1000&Prime; css=\u00a0\u00bb.vc_custom_1590602892241{padding-top: 17% !important;padding-right: 17% !important;padding-bottom: 17% !important;padding-left: 17% !important;background-color: #5a8bc1 !important;}\u00a0\u00bb font_color=\u00a0\u00bbrgba(255,255,255,0.91)\u00a0\u00bb][\/vc_column][vc_column width=\u00a0\u00bb2\/3&Prime; tablet_sm_width=\u00a0\u00bb1-2&Prime;][vc_row_inner][vc_column_inner width=\u00a0\u00bb1\/2&Prime; tablet_sm_width=\u00a0\u00bb1&Prime;][vc_column_text animation=\u00a0\u00bbgrve-fade-in-up\u00a0\u00bb animation_delay=\u00a0\u00bb2100&Prime; animation_duration=\u00a0\u00bbvery-slow\u00a0\u00bb]Tanera est l\u2019ancien nom Celtique pour d\u00e9signer la \u201cDendre\u201d, cette rivi\u00e8re qui passe devant notre porte. Tout comme l\u2019eau qui voyage, [&hellip;]<\/p>\n","protected":false},"author":1,"featured_media":0,"parent":0,"menu_order":0,"comment_status":"closed","ping_status":"closed","template":"","meta":{"_acf_changed":false,"footnotes":""},"class_list":["post-501","page","type-page","status-publish","hentry"],"acf":[],"_links":{"self":[{"href":"https:\/\/www.tanerametals.com\/fr\/wp-json\/wp\/v2\/pages\/501","targetHints":{"allow":["GET"]}}],"collection":[{"href":"https:\/\/www.tanerametals.com\/fr\/wp-json\/wp\/v2\/pages"}],"about":[{"href":"https:\/\/www.tanerametals.com\/fr\/wp-json\/wp\/v2\/types\/page"}],"author":[{"embeddable":true,"href":"https:\/\/www.tanerametals.com\/fr\/wp-json\/wp\/v2\/users\/1"}],"replies":[{"embeddable":true,"href":"https:\/\/www.tanerametals.com\/fr\/wp-json\/wp\/v2\/comments?post=501"}],"version-history":[{"count":3,"href":"https:\/\/www.tanerametals.com\/fr\/wp-json\/wp\/v2\/pages\/501\/revisions"}],"predecessor-version":[{"id":513,"href":"https:\/\/www.tanerametals.com\/fr\/wp-json\/wp\/v2\/pages\/501\/revisions\/513"}],"wp:attachment":[{"href":"https:\/\/www.tanerametals.com\/fr\/wp-json\/wp\/v2\/media?parent=501"}],"curies":[{"name":"wp","href":"https:\/\/api.w.org\/{rel}","templated":true}]}}